{"id":84,"date":"2017-08-29T10:29:43","date_gmt":"2017-08-29T08:29:43","guid":{"rendered":"http:\/\/projekt.steel-toys.com\/?page_id=84"},"modified":"2017-08-30T10:13:13","modified_gmt":"2017-08-30T08:13:13","slug":"impressum-imprint","status":"publish","type":"page","link":"https:\/\/steel-toys.com\/?page_id=84","title":{"rendered":"Impressum (Imprint)"},"content":{"rendered":"<figure id=\"attachment_28\" aria-describedby=\"caption-attachment-28\" style=\"width: 708px\" class=\"wp-caption alignnone\"><img decoding=\"async\" loading=\"lazy\" src=\"http:\/\/projekt.steel-toys.com\/wp-content\/uploads\/2017\/08\/folderimage_d.jpg\" alt=\"bomb_warning_image\" width=\"708\" height=\"229\" class=\"size-full wp-image-28\" srcset=\"https:\/\/steel-toys.com\/wp-content\/uploads\/2017\/08\/folderimage_d.jpg 708w, https:\/\/steel-toys.com\/wp-content\/uploads\/2017\/08\/folderimage_d-300x97.jpg 300w\" sizes=\"(max-width: 708px) 100vw, 708px\" \/><figcaption id=\"caption-attachment-28\" class=\"wp-caption-text\">Source: Joakim Steinweden<\/figcaption><\/figure>\n<h1>Impressum<\/h1>\n<h4>Angaben gem\u00e4\u00df \u00a7 5 TMG:<\/h4>\n<p>Joakim Steinweden<br \/>\nWinzersteige 7<br \/>\n60388 Frankfurt am Main<br \/>\n(Germany)<\/p>\n<p><strong>Kontakt:<\/strong><br \/>\nTelefon:<br \/>\n06109\/35033<br \/>\nE-Mail:<br \/>\ns-j@gmx.net<\/p>\n<p><strong>Verantwortlich f\u00fcr den Inhalt nach \u00a7 55 Abs. 2 RStV:<\/strong><br \/>\nJoakim Steinweden<br \/>\nWinzersteige 7<br \/>\n60388 Frankfurt am Main<br \/>\n(Germany)<\/p>\n<p><strong>Haftung f\u00fcr Inhalte<\/strong><br \/>\nAls Diensteanbieter sind wir gem\u00e4\u00df \u00a7 7 Abs.1 TMG f\u00fcr eigene Inhalte auf diesen Seiten nach den<br \/>\nallgemeinen Gesetzen verantwortlich. Nach \u00a7\u00a7 8 bis 10 TMG sind wir als Diensteanbieter jedoch nicht<br \/>\nverpflichtet, \u00fcbermittelte oder gespeicherte fremde Informationen zu \u00fcberwachen oder nach Umst\u00e4nden<br \/>\nzu forschen, die auf eine rechtswidrige T\u00e4tigkeit hinweisen.<br \/>\nVerpflichtungen zur Entfernung oder Sperrung der Nutzung von Informationen nach den allgemeinen<br \/>\nGesetzen bleiben hiervon unber\u00fchrt. Eine diesbez\u00fcgliche Haftung ist jedoch erst ab dem Zeitpunkt der<br \/>\nKenntnis einer konkreten Rechtsverletzung m\u00f6glich. Bei Bekanntwerden von entsprechenden<br \/>\nRechtsverletzungen werden wir diese Inhalte umgehend entfernen.<\/p>\n<p><strong>Haftung f\u00fcr Links<\/strong><br \/>\nUnser Angebot enth\u00e4lt Links zu externen Webseiten Dritter, auf deren Inhalte wir keinen Einfluss haben.<br \/>\nDeshalb k\u00f6nnen wir f\u00fcr diese fremden Inhalte auch keine Gew\u00e4hr \u00fcbernehmen. F\u00fcr die Inhalte der<br \/>\nverlinkten Seiten ist stets der jeweilige Anbieter oder Betreiber der Seiten verantwortlich. Die verlinkten<br \/>\nSeiten wurden zum Zeitpunkt der Verlinkung auf m\u00f6gliche Rechtsverst\u00f6\u00dfe \u00fcberpr\u00fcft. Rechtswidrige<br \/>\nInhalte waren zum Zeitpunkt der Verlinkung nicht erkennbar.<br \/>\nEine permanente inhaltliche Kontrolle der verlinkten Seiten ist jedoch ohne konkrete Anhaltspunkte einer<br \/>\nRechtsverletzung nicht zumutbar. Bei Bekanntwerden von Rechtsverletzungen werden wir derartige Links<br \/>\numgehend entfernen.<\/p>\n<p><strong>Urheberrecht<\/strong><br \/>\nDie durch die Seitenbetreiber erstellten Inhalte und Werke auf diesen Seiten unterliegen dem deutschen<br \/>\nUrheberrecht. Die Vervielf\u00e4ltigung, Bearbeitung, Verbreitung und jede Art der Verwertung au\u00dferhalb der<br \/>\nGrenzen des Urheberrechtes bed\u00fcrfen der schriftlichen Zustimmung des jeweiligen Autors bzw.<br \/>\nErstellers. Downloads und Kopien dieser Seite sind nur f\u00fcr den privaten, nicht kommerziellen Gebrauch<br \/>\ngestattet.<br \/>\nSoweit die Inhalte auf dieser Seite nicht vom Betreiber erstellt wurden, werden die Urheberrechte Dritter<br \/>\nbeachtet. Insbesondere werden Inhalte Dritter als solche gekennzeichnet. Sollten Sie trotzdem auf eine<br \/>\nUrheberrechtsverletzung aufmerksam werden, bitten wir um einen entsprechenden Hinweis. Bei<br \/>\nBekanntwerden von Rechtsverletzungen werden wir derartige Inhalte umgehend entfernen<\/p>\n<p><em>Quelle: <a href=\"https:\/\/www.e-recht24.de\/impressum-generator.html\">https:\/\/www.e-recht24.de\/impressum-generator.html<\/a><\/em><\/p>\n<p><em>Stand: 30.08.2017<\/em><\/p>\n","protected":false},"excerpt":{"rendered":"<p>Impressum Angaben gem\u00e4\u00df \u00a7 5 TMG: Joakim Steinweden Winzersteige 7 60388 Frankfurt am Main (Germany) Kontakt: Telefon: 06109\/35033 E-Mail: s-j@gmx.net Verantwortlich f\u00fcr den Inhalt nach \u00a7 55 Abs. 2 RStV: Joakim Steinweden Winzersteige 7 60388 Frankfurt am Main (Germany) Haftung f\u00fcr Inhalte Als Diensteanbieter sind wir gem\u00e4\u00df \u00a7 7 Abs.1 TMG f\u00fcr eigene Inhalte auf&hellip;<\/p>\n","protected":false},"author":1,"featured_media":0,"parent":0,"menu_order":0,"comment_status":"closed","ping_status":"closed","template":"","meta":[],"yoast_head":"<!-- This site is optimized with the Yoast SEO plugin v20.2.1 - https:\/\/yoast.com\/wordpress\/plugins\/seo\/ -->\n<title>Impressum (Imprint) - WW2 Dodge 3\/4 Ton Weapon Carrier Trucks<\/title>\n<meta name=\"robots\" content=\"index, follow, max-snippet:-1, max-image-preview:large, max-video-preview:-1\" \/>\n<link rel=\"canonical\" href=\"https:\/\/steel-toys.com\/?page_id=84\" \/>\n<meta property=\"og:locale\" content=\"de_DE\" \/>\n<meta property=\"og:type\" content=\"article\" \/>\n<meta property=\"og:title\" content=\"Impressum (Imprint) - WW2 Dodge 3\/4 Ton Weapon Carrier Trucks\" \/>\n<meta property=\"og:description\" content=\"Impressum Angaben gem\u00e4\u00df \u00a7 5 TMG: Joakim Steinweden Winzersteige 7 60388 Frankfurt am Main (Germany) Kontakt: Telefon: 06109\/35033 E-Mail: s-j@gmx.net Verantwortlich f\u00fcr den Inhalt nach \u00a7 55 Abs. 2 RStV: Joakim Steinweden Winzersteige 7 60388 Frankfurt am Main (Germany) Haftung f\u00fcr Inhalte Als Diensteanbieter sind wir gem\u00e4\u00df \u00a7 7 Abs.1 TMG f\u00fcr eigene Inhalte auf&hellip;\" \/>\n<meta property=\"og:url\" content=\"https:\/\/steel-toys.com\/?page_id=84\" \/>\n<meta property=\"og:site_name\" content=\"WW2 Dodge 3\/4 Ton Weapon Carrier Trucks\" \/>\n<meta property=\"article:modified_time\" content=\"2017-08-30T08:13:13+00:00\" \/>\n<meta property=\"og:image\" content=\"http:\/\/projekt.steel-toys.com\/wp-content\/uploads\/2017\/08\/folderimage_d.jpg\" \/>\n<meta name=\"twitter:card\" content=\"summary_large_image\" \/>\n<meta name=\"twitter:label1\" content=\"Gesch\u00e4tzte Lesezeit\" \/>\n\t<meta name=\"twitter:data1\" content=\"2\u00a0Minuten\" \/>\n<script type=\"application\/ld+json\" class=\"yoast-schema-graph\">{\"@context\":\"https:\/\/schema.org\",\"@graph\":[{\"@type\":\"WebPage\",\"@id\":\"https:\/\/steel-toys.com\/?page_id=84\",\"url\":\"https:\/\/steel-toys.com\/?page_id=84\",\"name\":\"Impressum (Imprint) - WW2 Dodge 3\/4 Ton Weapon Carrier Trucks\",\"isPartOf\":{\"@id\":\"https:\/\/steel-toys.com\/#website\"},\"datePublished\":\"2017-08-29T08:29:43+00:00\",\"dateModified\":\"2017-08-30T08:13:13+00:00\",\"breadcrumb\":{\"@id\":\"https:\/\/steel-toys.com\/?page_id=84#breadcrumb\"},\"inLanguage\":\"de\",\"potentialAction\":[{\"@type\":\"ReadAction\",\"target\":[\"https:\/\/steel-toys.com\/?page_id=84\"]}]},{\"@type\":\"BreadcrumbList\",\"@id\":\"https:\/\/steel-toys.com\/?page_id=84#breadcrumb\",\"itemListElement\":[{\"@type\":\"ListItem\",\"position\":1,\"name\":\"Startseite\",\"item\":\"https:\/\/steel-toys.com\/\"},{\"@type\":\"ListItem\",\"position\":2,\"name\":\"Impressum (Imprint)\"}]},{\"@type\":\"WebSite\",\"@id\":\"https:\/\/steel-toys.com\/#website\",\"url\":\"https:\/\/steel-toys.com\/\",\"name\":\"WW2 Dodge 3\/4 Ton Weapon Carrier Trucks\",\"description\":\"JOAKIMS PRIVATE WEAPON CARRIER WC51 HOMEPAGE\",\"potentialAction\":[{\"@type\":\"SearchAction\",\"target\":{\"@type\":\"EntryPoint\",\"urlTemplate\":\"https:\/\/steel-toys.com\/?s={search_term_string}\"},\"query-input\":\"required name=search_term_string\"}],\"inLanguage\":\"de\"}]}<\/script>\n<!-- \/ Yoast SEO plugin. -->","yoast_head_json":{"title":"Impressum (Imprint) - WW2 Dodge 3\/4 Ton Weapon Carrier Trucks","robots":{"index":"index","follow":"follow","max-snippet":"max-snippet:-1","max-image-preview":"max-image-preview:large","max-video-preview":"max-video-preview:-1"},"canonical":"https:\/\/steel-toys.com\/?page_id=84","og_locale":"de_DE","og_type":"article","og_title":"Impressum (Imprint) - WW2 Dodge 3\/4 Ton Weapon Carrier Trucks","og_description":"Impressum Angaben gem\u00e4\u00df \u00a7 5 TMG: Joakim Steinweden Winzersteige 7 60388 Frankfurt am Main (Germany) Kontakt: Telefon: 06109\/35033 E-Mail: s-j@gmx.net Verantwortlich f\u00fcr den Inhalt nach \u00a7 55 Abs. 2 RStV: Joakim Steinweden Winzersteige 7 60388 Frankfurt am Main (Germany) Haftung f\u00fcr Inhalte Als Diensteanbieter sind wir gem\u00e4\u00df \u00a7 7 Abs.1 TMG f\u00fcr eigene Inhalte auf&hellip;","og_url":"https:\/\/steel-toys.com\/?page_id=84","og_site_name":"WW2 Dodge 3\/4 Ton Weapon Carrier Trucks","article_modified_time":"2017-08-30T08:13:13+00:00","og_image":[{"url":"http:\/\/projekt.steel-toys.com\/wp-content\/uploads\/2017\/08\/folderimage_d.jpg"}],"twitter_card":"summary_large_image","twitter_misc":{"Gesch\u00e4tzte Lesezeit":"2\u00a0Minuten"},"schema":{"@context":"https:\/\/schema.org","@graph":[{"@type":"WebPage","@id":"https:\/\/steel-toys.com\/?page_id=84","url":"https:\/\/steel-toys.com\/?page_id=84","name":"Impressum (Imprint) - WW2 Dodge 3\/4 Ton Weapon Carrier Trucks","isPartOf":{"@id":"https:\/\/steel-toys.com\/#website"},"datePublished":"2017-08-29T08:29:43+00:00","dateModified":"2017-08-30T08:13:13+00:00","breadcrumb":{"@id":"https:\/\/steel-toys.com\/?page_id=84#breadcrumb"},"inLanguage":"de","potentialAction":[{"@type":"ReadAction","target":["https:\/\/steel-toys.com\/?page_id=84"]}]},{"@type":"BreadcrumbList","@id":"https:\/\/steel-toys.com\/?page_id=84#breadcrumb","itemListElement":[{"@type":"ListItem","position":1,"name":"Startseite","item":"https:\/\/steel-toys.com\/"},{"@type":"ListItem","position":2,"name":"Impressum (Imprint)"}]},{"@type":"WebSite","@id":"https:\/\/steel-toys.com\/#website","url":"https:\/\/steel-toys.com\/","name":"WW2 Dodge 3\/4 Ton Weapon Carrier Trucks","description":"JOAKIMS PRIVATE WEAPON CARRIER WC51 HOMEPAGE","potentialAction":[{"@type":"SearchAction","target":{"@type":"EntryPoint","urlTemplate":"https:\/\/steel-toys.com\/?s={search_term_string}"},"query-input":"required name=search_term_string"}],"inLanguage":"de"}]}},"_links":{"self":[{"href":"https:\/\/steel-toys.com\/index.php?rest_route=\/wp\/v2\/pages\/84"}],"collection":[{"href":"https:\/\/steel-toys.com\/index.php?rest_route=\/wp\/v2\/pages"}],"about":[{"href":"https:\/\/steel-toys.com\/index.php?rest_route=\/wp\/v2\/types\/page"}],"author":[{"embeddable":true,"href":"https:\/\/steel-toys.com\/index.php?rest_route=\/wp\/v2\/users\/1"}],"replies":[{"embeddable":true,"href":"https:\/\/steel-toys.com\/index.php?rest_route=%2Fwp%2Fv2%2Fcomments&post=84"}],"version-history":[{"count":6,"href":"https:\/\/steel-toys.com\/index.php?rest_route=\/wp\/v2\/pages\/84\/revisions"}],"predecessor-version":[{"id":300,"href":"https:\/\/steel-toys.com\/index.php?rest_route=\/wp\/v2\/pages\/84\/revisions\/300"}],"wp:attachment":[{"href":"https:\/\/steel-toys.com\/index.php?rest_route=%2Fwp%2Fv2%2Fmedia&parent=84"}],"curies":[{"name":"wp","href":"https:\/\/api.w.org\/{rel}","templated":true}]}}