{"id":88,"date":"2017-08-29T10:33:14","date_gmt":"2017-08-29T08:33:14","guid":{"rendered":"http:\/\/projekt.steel-toys.com\/?page_id=88"},"modified":"2017-08-30T10:35:00","modified_gmt":"2017-08-30T08:35:00","slug":"datenschutz-disclaimer","status":"publish","type":"page","link":"https:\/\/steel-toys.com\/?page_id=88","title":{"rendered":"Datenschutz (Disclaimer)"},"content":{"rendered":"<figure id=\"attachment_28\" aria-describedby=\"caption-attachment-28\" style=\"width: 708px\" class=\"wp-caption alignnone\"><img decoding=\"async\" loading=\"lazy\" src=\"http:\/\/projekt.steel-toys.com\/wp-content\/uploads\/2017\/08\/folderimage_d.jpg\" alt=\"bomb_warning_image\" width=\"708\" height=\"229\" class=\"size-full wp-image-28\" srcset=\"https:\/\/steel-toys.com\/wp-content\/uploads\/2017\/08\/folderimage_d.jpg 708w, https:\/\/steel-toys.com\/wp-content\/uploads\/2017\/08\/folderimage_d-300x97.jpg 300w\" sizes=\"(max-width: 708px) 100vw, 708px\" \/><figcaption id=\"caption-attachment-28\" class=\"wp-caption-text\">Source: Joakim Steinweden<\/figcaption><\/figure>\n<h1>Datenschutzerkl\u00e4rung<\/h1>\n<p><strong>Datenschutz<\/strong><br \/>\nDie Betreiber dieser Seiten nehmen den Schutz Ihrer pers\u00f6nlichen Daten sehr ernst. Wir behandeln Ihre<br \/>\npersonenbezogenen Daten vertraulich und entsprechend der gesetzlichen Datenschutzvorschriften sowie<br \/>\ndieser Datenschutzerkl\u00e4rung.<br \/>\nDie Nutzung unserer Webseite ist in der Regel ohne Angabe personenbezogener Daten m\u00f6glich. Soweit<br \/>\nauf unseren Seiten personenbezogene Daten (beispielsweise Name, Anschrift oder E-Mail-Adressen)<br \/>\nerhoben werden, erfolgt dies, soweit m\u00f6glich, stets auf freiwilliger Basis. Diese Daten werden ohne Ihre<br \/>\nausdr\u00fcckliche Zustimmung nicht an Dritte weitergegeben.<br \/>\nWir weisen darauf hin, dass die Daten\u00fcbertragung im Internet (z.B. bei der Kommunikation per E-Mail)<br \/>\nSicherheitsl\u00fccken aufweisen kann. Ein l\u00fcckenloser Schutz der Daten vor dem Zugriff durch Dritte ist nicht<br \/>\nm\u00f6glich.<\/p>\n<p><strong>Cookies<\/strong><br \/>\nDie Internetseiten verwenden teilweise so genannte Cookies. Cookies richten auf Ihrem Rechner keinen<br \/>\nSchaden an und enthalten keine Viren. Cookies dienen dazu, unser Angebot nutzerfreundlicher, effektiver<br \/>\nund sicherer zu machen. Cookies sind kleine Textdateien, die auf Ihrem Rechner abgelegt werden und<br \/>\ndie Ihr Browser speichert.<br \/>\nDie meisten der von uns verwendeten Cookies sind so genannte \u201eSession-Cookies\u201c. Sie werden nach<br \/>\nEnde Ihres Besuchs automatisch gel\u00f6scht. Andere Cookies bleiben auf Ihrem Endger\u00e4t gespeichert, bis<br \/>\nSie diese l\u00f6schen. Diese Cookies erm\u00f6glichen es uns, Ihren Browser beim n\u00e4chsten Besuch<br \/>\nwiederzuerkennen.<br \/>\nSie k\u00f6nnen Ihren Browser so einstellen, dass Sie \u00fcber das Setzen von Cookies informiert werden und<br \/>\nCookies nur im Einzelfall erlauben, die Annahme von Cookies f\u00fcr bestimmte F\u00e4lle oder generell<br \/>\nausschlie\u00dfen sowie das automatische L\u00f6schen der Cookies beim Schlie\u00dfen des Browser aktivieren. Bei<br \/>\nder Deaktivierung von Cookies kann die Funktionalit\u00e4t dieser Website eingeschr\u00e4nkt sein.<\/p>\n<p><strong>Kontaktformular<\/strong><br \/>\nWenn Sie uns per Kontaktformular Anfragen zukommen lassen, werden Ihre Angaben aus dem<br \/>\nAnfrageformular inklusive der von Ihnen dort angegebenen Kontaktdaten zwecks Bearbeitung der<br \/>\nAnfrage und f\u00fcr den Fall von Anschlussfragen bei uns gespeichert. Diese Daten geben wir nicht ohne Ihre<br \/>\nEinwilligung weiter.<\/p>\n<p><strong>YouTube<\/strong><br \/>\nUnsere Webseite nutzt Plugins der von Google betriebenen Seite YouTube. Betreiber der Seiten ist die<br \/>\nYouTube, LLC, 901 Cherry Ave., San Bruno, CA 94066, USA. Wenn Sie eine unserer mit einem YouTube-<br \/>\nPlugin ausgestatteten Seiten besuchen, wird eine Verbindung zu den Servern von YouTube hergestellt.<br \/>\nDabei wird dem Youtube-Server mitgeteilt, welche unserer Seiten Sie besucht haben.<br \/>\nWenn Sie in Ihrem YouTube-Account eingeloggt sind erm\u00f6glichen Sie YouTube, Ihr Surfverhalten direkt<br \/>\nIhrem pers\u00f6nlichen Profil zuzuordnen. Dies k\u00f6nnen Sie verhindern, indem Sie sich aus Ihrem YouTube-<br \/>\nAccount ausloggen.<br \/>\nWeitere Informationen zum Umgang von Nutzerdaten finden Sie in der Datenschutzerkl\u00e4rung von<br \/>\nYouTube unter: <a href=\"https:\/\/www.google.de\/intl\/de\/policies\/privacy\" target=\"_blank\">https:\/\/www.google.de\/intl\/de\/policies\/privacy<\/a><\/p>\n<p><strong>SSL-Verschl\u00fcsselung<\/strong><br \/>\nDiese Seite nutzt aus Gr\u00fcnden der Sicherheit und zum Schutz der \u00dcbertragung vertraulicher Inhalte, wie<br \/>\nzum Beispiel der Anfragen, die Sie an uns als Seitenbetreiber senden, eine SSL-Verschl\u00fcsselung. Eine<br \/>\nverschl\u00fcsselte Verbindung erkennen Sie daran, dass die Adresszeile des Browsers von &#8222;http:\/\/&#8220; auf<br \/>\n&#8222;https:\/\/&#8220; wechselt und an dem Schloss-Symbol in Ihrer Browserzeile.<br \/>\nWenn die SSL Verschl\u00fcsselung aktiviert ist, k\u00f6nnen die Daten, die Sie an uns \u00fcbermitteln, nicht von<br \/>\nDritten mitgelesen werden.<\/p>\n<p><strong>Recht auf Auskunft, L\u00f6schung, Sperrung<\/strong><br \/>\nSie haben jederzeit das Recht auf unentgeltliche Auskunft \u00fcber Ihre gespeicherten personenbezogenen<br \/>\nDaten, deren Herkunft und Empf\u00e4nger und den Zweck der Datenverarbeitung sowie ein Recht auf<br \/>\nBerichtigung, Sperrung oder L\u00f6schung dieser Daten. Hierzu sowie zu weiteren Fragen zum Thema<br \/>\npersonenbezogene Daten k\u00f6nnen Sie sich jederzeit unter der im Impressum angegebenen Adresse an<br \/>\nuns wenden.<\/p>\n<p><strong>Widerspruch Werbe-Mails<\/strong><br \/>\nDer Nutzung von im Rahmen der Impressumspflicht ver\u00f6ffentlichten Kontaktdaten zur \u00dcbersendung von<br \/>\nnicht ausdr\u00fccklich angeforderter Werbung und Informationsmaterialien wird hiermit widersprochen. Die<br \/>\nBetreiber der Seiten behalten sich ausdr\u00fccklich rechtliche Schritte im Falle der unverlangten Zusendung<br \/>\nvon Werbeinformationen, etwa durch Spam-E-Mails, vor.<\/p>\n<p><em>Quelle: <a href=\"https:\/\/www.e-recht24.de\/\">https:\/\/www.e-recht24.de\/<\/a><\/em><\/p>\n<p><em>Stand: 30.08.2017<\/em><\/p>\n","protected":false},"excerpt":{"rendered":"<p>Datenschutzerkl\u00e4rung Datenschutz Die Betreiber dieser Seiten nehmen den Schutz Ihrer pers\u00f6nlichen Daten sehr ernst. Wir behandeln Ihre personenbezogenen Daten vertraulich und entsprechend der gesetzlichen Datenschutzvorschriften sowie dieser Datenschutzerkl\u00e4rung. Die Nutzung unserer Webseite ist in der Regel ohne Angabe personenbezogener Daten m\u00f6glich. Soweit auf unseren Seiten personenbezogene Daten (beispielsweise Name, Anschrift oder E-Mail-Adressen) erhoben werden, erfolgt&hellip;<\/p>\n","protected":false},"author":1,"featured_media":0,"parent":0,"menu_order":0,"comment_status":"closed","ping_status":"closed","template":"","meta":[],"yoast_head":"<!-- This site is optimized with the Yoast SEO plugin v20.2.1 - https:\/\/yoast.com\/wordpress\/plugins\/seo\/ -->\n<title>Datenschutz (Disclaimer) - WW2 Dodge 3\/4 Ton Weapon Carrier Trucks<\/title>\n<meta name=\"robots\" content=\"index, follow, max-snippet:-1, max-image-preview:large, max-video-preview:-1\" \/>\n<link rel=\"canonical\" href=\"https:\/\/steel-toys.com\/?page_id=88\" \/>\n<meta property=\"og:locale\" content=\"de_DE\" \/>\n<meta property=\"og:type\" content=\"article\" \/>\n<meta property=\"og:title\" content=\"Datenschutz (Disclaimer) - WW2 Dodge 3\/4 Ton Weapon Carrier Trucks\" \/>\n<meta property=\"og:description\" content=\"Datenschutzerkl\u00e4rung Datenschutz Die Betreiber dieser Seiten nehmen den Schutz Ihrer pers\u00f6nlichen Daten sehr ernst. Wir behandeln Ihre personenbezogenen Daten vertraulich und entsprechend der gesetzlichen Datenschutzvorschriften sowie dieser Datenschutzerkl\u00e4rung. Die Nutzung unserer Webseite ist in der Regel ohne Angabe personenbezogener Daten m\u00f6glich. Soweit auf unseren Seiten personenbezogene Daten (beispielsweise Name, Anschrift oder E-Mail-Adressen) erhoben werden, erfolgt&hellip;\" \/>\n<meta property=\"og:url\" content=\"https:\/\/steel-toys.com\/?page_id=88\" \/>\n<meta property=\"og:site_name\" content=\"WW2 Dodge 3\/4 Ton Weapon Carrier Trucks\" \/>\n<meta property=\"article:modified_time\" content=\"2017-08-30T08:35:00+00:00\" \/>\n<meta property=\"og:image\" content=\"http:\/\/projekt.steel-toys.com\/wp-content\/uploads\/2017\/08\/folderimage_d.jpg\" \/>\n<meta name=\"twitter:card\" content=\"summary_large_image\" \/>\n<meta name=\"twitter:label1\" content=\"Gesch\u00e4tzte Lesezeit\" \/>\n\t<meta name=\"twitter:data1\" content=\"3\u00a0Minuten\" \/>\n<script type=\"application\/ld+json\" class=\"yoast-schema-graph\">{\"@context\":\"https:\/\/schema.org\",\"@graph\":[{\"@type\":\"WebPage\",\"@id\":\"https:\/\/steel-toys.com\/?page_id=88\",\"url\":\"https:\/\/steel-toys.com\/?page_id=88\",\"name\":\"Datenschutz (Disclaimer) - WW2 Dodge 3\/4 Ton Weapon Carrier Trucks\",\"isPartOf\":{\"@id\":\"https:\/\/steel-toys.com\/#website\"},\"datePublished\":\"2017-08-29T08:33:14+00:00\",\"dateModified\":\"2017-08-30T08:35:00+00:00\",\"breadcrumb\":{\"@id\":\"https:\/\/steel-toys.com\/?page_id=88#breadcrumb\"},\"inLanguage\":\"de\",\"potentialAction\":[{\"@type\":\"ReadAction\",\"target\":[\"https:\/\/steel-toys.com\/?page_id=88\"]}]},{\"@type\":\"BreadcrumbList\",\"@id\":\"https:\/\/steel-toys.com\/?page_id=88#breadcrumb\",\"itemListElement\":[{\"@type\":\"ListItem\",\"position\":1,\"name\":\"Startseite\",\"item\":\"https:\/\/steel-toys.com\/\"},{\"@type\":\"ListItem\",\"position\":2,\"name\":\"Datenschutz (Disclaimer)\"}]},{\"@type\":\"WebSite\",\"@id\":\"https:\/\/steel-toys.com\/#website\",\"url\":\"https:\/\/steel-toys.com\/\",\"name\":\"WW2 Dodge 3\/4 Ton Weapon Carrier Trucks\",\"description\":\"JOAKIMS PRIVATE WEAPON CARRIER WC51 HOMEPAGE\",\"potentialAction\":[{\"@type\":\"SearchAction\",\"target\":{\"@type\":\"EntryPoint\",\"urlTemplate\":\"https:\/\/steel-toys.com\/?s={search_term_string}\"},\"query-input\":\"required name=search_term_string\"}],\"inLanguage\":\"de\"}]}<\/script>\n<!-- \/ Yoast SEO plugin. -->","yoast_head_json":{"title":"Datenschutz (Disclaimer) - WW2 Dodge 3\/4 Ton Weapon Carrier Trucks","robots":{"index":"index","follow":"follow","max-snippet":"max-snippet:-1","max-image-preview":"max-image-preview:large","max-video-preview":"max-video-preview:-1"},"canonical":"https:\/\/steel-toys.com\/?page_id=88","og_locale":"de_DE","og_type":"article","og_title":"Datenschutz (Disclaimer) - WW2 Dodge 3\/4 Ton Weapon Carrier Trucks","og_description":"Datenschutzerkl\u00e4rung Datenschutz Die Betreiber dieser Seiten nehmen den Schutz Ihrer pers\u00f6nlichen Daten sehr ernst. Wir behandeln Ihre personenbezogenen Daten vertraulich und entsprechend der gesetzlichen Datenschutzvorschriften sowie dieser Datenschutzerkl\u00e4rung. Die Nutzung unserer Webseite ist in der Regel ohne Angabe personenbezogener Daten m\u00f6glich. Soweit auf unseren Seiten personenbezogene Daten (beispielsweise Name, Anschrift oder E-Mail-Adressen) erhoben werden, erfolgt&hellip;","og_url":"https:\/\/steel-toys.com\/?page_id=88","og_site_name":"WW2 Dodge 3\/4 Ton Weapon Carrier Trucks","article_modified_time":"2017-08-30T08:35:00+00:00","og_image":[{"url":"http:\/\/projekt.steel-toys.com\/wp-content\/uploads\/2017\/08\/folderimage_d.jpg"}],"twitter_card":"summary_large_image","twitter_misc":{"Gesch\u00e4tzte Lesezeit":"3\u00a0Minuten"},"schema":{"@context":"https:\/\/schema.org","@graph":[{"@type":"WebPage","@id":"https:\/\/steel-toys.com\/?page_id=88","url":"https:\/\/steel-toys.com\/?page_id=88","name":"Datenschutz (Disclaimer) - WW2 Dodge 3\/4 Ton Weapon Carrier Trucks","isPartOf":{"@id":"https:\/\/steel-toys.com\/#website"},"datePublished":"2017-08-29T08:33:14+00:00","dateModified":"2017-08-30T08:35:00+00:00","breadcrumb":{"@id":"https:\/\/steel-toys.com\/?page_id=88#breadcrumb"},"inLanguage":"de","potentialAction":[{"@type":"ReadAction","target":["https:\/\/steel-toys.com\/?page_id=88"]}]},{"@type":"BreadcrumbList","@id":"https:\/\/steel-toys.com\/?page_id=88#breadcrumb","itemListElement":[{"@type":"ListItem","position":1,"name":"Startseite","item":"https:\/\/steel-toys.com\/"},{"@type":"ListItem","position":2,"name":"Datenschutz (Disclaimer)"}]},{"@type":"WebSite","@id":"https:\/\/steel-toys.com\/#website","url":"https:\/\/steel-toys.com\/","name":"WW2 Dodge 3\/4 Ton Weapon Carrier Trucks","description":"JOAKIMS PRIVATE WEAPON CARRIER WC51 HOMEPAGE","potentialAction":[{"@type":"SearchAction","target":{"@type":"EntryPoint","urlTemplate":"https:\/\/steel-toys.com\/?s={search_term_string}"},"query-input":"required name=search_term_string"}],"inLanguage":"de"}]}},"_links":{"self":[{"href":"https:\/\/steel-toys.com\/index.php?rest_route=\/wp\/v2\/pages\/88"}],"collection":[{"href":"https:\/\/steel-toys.com\/index.php?rest_route=\/wp\/v2\/pages"}],"about":[{"href":"https:\/\/steel-toys.com\/index.php?rest_route=\/wp\/v2\/types\/page"}],"author":[{"embeddable":true,"href":"https:\/\/steel-toys.com\/index.php?rest_route=\/wp\/v2\/users\/1"}],"replies":[{"embeddable":true,"href":"https:\/\/steel-toys.com\/index.php?rest_route=%2Fwp%2Fv2%2Fcomments&post=88"}],"version-history":[{"count":4,"href":"https:\/\/steel-toys.com\/index.php?rest_route=\/wp\/v2\/pages\/88\/revisions"}],"predecessor-version":[{"id":306,"href":"https:\/\/steel-toys.com\/index.php?rest_route=\/wp\/v2\/pages\/88\/revisions\/306"}],"wp:attachment":[{"href":"https:\/\/steel-toys.com\/index.php?rest_route=%2Fwp%2Fv2%2Fmedia&parent=88"}],"curies":[{"name":"wp","href":"https:\/\/api.w.org\/{rel}","templated":true}]}}